{"id":281,"date":"2020-01-14T12:05:50","date_gmt":"2020-01-14T10:05:50","guid":{"rendered":"https:\/\/matsaluvv.ee\/kontakt\/"},"modified":"2020-01-21T14:23:46","modified_gmt":"2020-01-21T12:23:46","slug":"contact","status":"publish","type":"page","link":"https:\/\/matsaluvv.ee\/en\/contact\/","title":{"rendered":"Contact"},"content":{"rendered":"\n<div class=\"wp-block-columns is-layout-flex wp-container-core-columns-is-layout-9d6595d7 wp-block-columns-is-layout-flex\">\n<div class=\"wp-block-column is-layout-flow wp-block-column-is-layout-flow\">\n<h3 class=\"wp-block-heading\">AS Matsalu Veev\u00e4rk<\/h3>\n\n\n\n<p>Veski 6 M\u00e4rjamaa<br>78302 Raplamaa <br>Estonia<\/p>\n\n\n\n<p><a href=\"mailto:info@matsaluvv.ee\">info@matsaluvv.ee<br><\/a><a href=\"tel:+372 48 92 556\">+372 48 92 556<\/a><\/p>\n<\/div>\n\n\n\n<div class=\"wp-block-column is-layout-flow wp-block-column-is-layout-flow\">\n<h3 class=\"wp-block-heading\">Location<\/h3>\n\n\n\n<p>AS Matsalu Veev\u00e4rk locates in the Matsalu sub-river-basin and covers 5 rural municipalities:<\/p>\n\n\n\n<ul class=\"wp-block-list\"><li>Kehtna, M\u00e4rjamaa, Rapla (Rapla county);<\/li><li>L\u00e4\u00e4neranna (P\u00e4rnu county);<\/li><li>L\u00e4\u00e4ne-Nigula (L\u00e4\u00e4ne county).<\/li><\/ul>\n\n\n\n<div class=\"wp-block-image\"><figure class=\"aligncenter size-large\"><img decoding=\"async\" width=\"463\" height=\"302\" src=\"https:\/\/matsaluvv.ee\/wp-content\/uploads\/2020\/01\/asukoht.jpg\" alt=\"\" class=\"wp-image-282\" srcset=\"https:\/\/matsaluvv.ee\/wp-content\/uploads\/2020\/01\/asukoht.jpg 463w, https:\/\/matsaluvv.ee\/wp-content\/uploads\/2020\/01\/asukoht-300x196.jpg 300w, https:\/\/matsaluvv.ee\/wp-content\/uploads\/2020\/01\/asukoht-72x47.jpg 72w\" sizes=\"(max-width: 463px) 100vw, 463px\" \/><\/figure><\/div>\n<\/div>\n<\/div>\n","protected":false},"excerpt":{"rendered":"<p>AS Matsalu Veev\u00e4rk Veski 6 M\u00e4rjamaa78302 Raplamaa Estonia info@matsaluvv.ee+372 48 92 556 Location AS Matsalu Veev\u00e4rk locates in the Matsalu&#8230;<\/p>\n","protected":false},"author":1,"featured_media":0,"parent":0,"menu_order":80,"comment_status":"closed","ping_status":"closed","template":"","meta":{"_acf_changed":false,"advgb_blocks_editor_width":"","advgb_blocks_columns_visual_guide":"","footnotes":""},"class_list":["post-281","page","type-page","status-publish","hentry"],"acf":[],"yoast_head":"<!-- This site is optimized with the Yoast SEO plugin v26.9 - https:\/\/yoast.com\/product\/yoast-seo-wordpress\/ -->\n<title>Contact - Matsalu Veev\u00e4rk<\/title>\n<meta name=\"robots\" content=\"index, follow, max-snippet:-1, max-image-preview:large, max-video-preview:-1\" \/>\n<link rel=\"canonical\" href=\"https:\/\/matsaluvv.ee\/en\/contact\/\" \/>\n<meta property=\"og:locale\" content=\"en_US\" \/>\n<meta property=\"og:type\" content=\"article\" \/>\n<meta property=\"og:title\" content=\"Contact - Matsalu Veev\u00e4rk\" \/>\n<meta property=\"og:description\" content=\"AS Matsalu Veev\u00e4rk Veski 6 M\u00e4rjamaa78302 Raplamaa Estonia info@matsaluvv.ee+372 48 92 556 Location AS Matsalu Veev\u00e4rk locates in the Matsalu...\" \/>\n<meta property=\"og:url\" content=\"https:\/\/matsaluvv.ee\/en\/contact\/\" \/>\n<meta property=\"og:site_name\" content=\"Matsalu Veev\u00e4rk\" \/>\n<meta property=\"article:modified_time\" content=\"2020-01-21T12:23:46+00:00\" \/>\n<meta property=\"og:image\" content=\"https:\/\/matsaluvv.ee\/wp-content\/uploads\/2020\/01\/asukoht.jpg\" \/>\n<meta name=\"twitter:card\" content=\"summary_large_image\" \/>\n<script type=\"application\/ld+json\" class=\"yoast-schema-graph\">{\"@context\":\"https:\/\/schema.org\",\"@graph\":[{\"@type\":\"WebPage\",\"@id\":\"https:\/\/matsaluvv.ee\/en\/contact\/\",\"url\":\"https:\/\/matsaluvv.ee\/en\/contact\/\",\"name\":\"Contact - Matsalu Veev\u00e4rk\",\"isPartOf\":{\"@id\":\"https:\/\/matsaluvv.ee\/#website\"},\"primaryImageOfPage\":{\"@id\":\"https:\/\/matsaluvv.ee\/en\/contact\/#primaryimage\"},\"image\":{\"@id\":\"https:\/\/matsaluvv.ee\/en\/contact\/#primaryimage\"},\"thumbnailUrl\":\"https:\/\/matsaluvv.ee\/wp-content\/uploads\/2020\/01\/asukoht.jpg\",\"datePublished\":\"2020-01-14T10:05:50+00:00\",\"dateModified\":\"2020-01-21T12:23:46+00:00\",\"inLanguage\":\"en-US\",\"potentialAction\":[{\"@type\":\"ReadAction\",\"target\":[\"https:\/\/matsaluvv.ee\/en\/contact\/\"]}]},{\"@type\":\"ImageObject\",\"inLanguage\":\"en-US\",\"@id\":\"https:\/\/matsaluvv.ee\/en\/contact\/#primaryimage\",\"url\":\"https:\/\/matsaluvv.ee\/wp-content\/uploads\/2020\/01\/asukoht.jpg\",\"contentUrl\":\"https:\/\/matsaluvv.ee\/wp-content\/uploads\/2020\/01\/asukoht.jpg\"},{\"@type\":\"WebSite\",\"@id\":\"https:\/\/matsaluvv.ee\/#website\",\"url\":\"https:\/\/matsaluvv.ee\/\",\"name\":\"Matsalu Veev\u00e4rk\",\"description\":\"Vee-ettev\u00f5te Eestis\",\"potentialAction\":[{\"@type\":\"SearchAction\",\"target\":{\"@type\":\"EntryPoint\",\"urlTemplate\":\"https:\/\/matsaluvv.ee\/?s={search_term_string}\"},\"query-input\":{\"@type\":\"PropertyValueSpecification\",\"valueRequired\":true,\"valueName\":\"search_term_string\"}}],\"inLanguage\":\"en-US\"}]}<\/script>\n<!-- \/ Yoast SEO plugin. -->","yoast_head_json":{"title":"Contact - Matsalu Veev\u00e4rk","robots":{"index":"index","follow":"follow","max-snippet":"max-snippet:-1","max-image-preview":"max-image-preview:large","max-video-preview":"max-video-preview:-1"},"canonical":"https:\/\/matsaluvv.ee\/en\/contact\/","og_locale":"en_US","og_type":"article","og_title":"Contact - Matsalu Veev\u00e4rk","og_description":"AS Matsalu Veev\u00e4rk Veski 6 M\u00e4rjamaa78302 Raplamaa Estonia info@matsaluvv.ee+372 48 92 556 Location AS Matsalu Veev\u00e4rk locates in the Matsalu...","og_url":"https:\/\/matsaluvv.ee\/en\/contact\/","og_site_name":"Matsalu Veev\u00e4rk","article_modified_time":"2020-01-21T12:23:46+00:00","og_image":[{"url":"https:\/\/matsaluvv.ee\/wp-content\/uploads\/2020\/01\/asukoht.jpg","type":"","width":"","height":""}],"twitter_card":"summary_large_image","schema":{"@context":"https:\/\/schema.org","@graph":[{"@type":"WebPage","@id":"https:\/\/matsaluvv.ee\/en\/contact\/","url":"https:\/\/matsaluvv.ee\/en\/contact\/","name":"Contact - Matsalu Veev\u00e4rk","isPartOf":{"@id":"https:\/\/matsaluvv.ee\/#website"},"primaryImageOfPage":{"@id":"https:\/\/matsaluvv.ee\/en\/contact\/#primaryimage"},"image":{"@id":"https:\/\/matsaluvv.ee\/en\/contact\/#primaryimage"},"thumbnailUrl":"https:\/\/matsaluvv.ee\/wp-content\/uploads\/2020\/01\/asukoht.jpg","datePublished":"2020-01-14T10:05:50+00:00","dateModified":"2020-01-21T12:23:46+00:00","inLanguage":"en-US","potentialAction":[{"@type":"ReadAction","target":["https:\/\/matsaluvv.ee\/en\/contact\/"]}]},{"@type":"ImageObject","inLanguage":"en-US","@id":"https:\/\/matsaluvv.ee\/en\/contact\/#primaryimage","url":"https:\/\/matsaluvv.ee\/wp-content\/uploads\/2020\/01\/asukoht.jpg","contentUrl":"https:\/\/matsaluvv.ee\/wp-content\/uploads\/2020\/01\/asukoht.jpg"},{"@type":"WebSite","@id":"https:\/\/matsaluvv.ee\/#website","url":"https:\/\/matsaluvv.ee\/","name":"Matsalu Veev\u00e4rk","description":"Vee-ettev\u00f5te Eestis","potentialAction":[{"@type":"SearchAction","target":{"@type":"EntryPoint","urlTemplate":"https:\/\/matsaluvv.ee\/?s={search_term_string}"},"query-input":{"@type":"PropertyValueSpecification","valueRequired":true,"valueName":"search_term_string"}}],"inLanguage":"en-US"}]}},"coauthors":[],"author_meta":{"author_link":"https:\/\/matsaluvv.ee\/en\/author\/admin\/","display_name":"admin"},"relative_dates":{"created":"Posted 6 years ago","modified":"Updated 6 years ago"},"absolute_dates":{"created":"Posted on 14. Jan 2020","modified":"Updated on 21. Jan 2020"},"absolute_dates_time":{"created":"Posted on 14. Jan 2020 12:05","modified":"Updated on 21. Jan 2020 02:23"},"featured_img_caption":"","featured_img":false,"series_order":"","_links":{"self":[{"href":"https:\/\/matsaluvv.ee\/en\/wp-json\/wp\/v2\/pages\/281","targetHints":{"allow":["GET"]}}],"collection":[{"href":"https:\/\/matsaluvv.ee\/en\/wp-json\/wp\/v2\/pages"}],"about":[{"href":"https:\/\/matsaluvv.ee\/en\/wp-json\/wp\/v2\/types\/page"}],"author":[{"embeddable":true,"href":"https:\/\/matsaluvv.ee\/en\/wp-json\/wp\/v2\/users\/1"}],"replies":[{"embeddable":true,"href":"https:\/\/matsaluvv.ee\/en\/wp-json\/wp\/v2\/comments?post=281"}],"version-history":[{"count":3,"href":"https:\/\/matsaluvv.ee\/en\/wp-json\/wp\/v2\/pages\/281\/revisions"}],"predecessor-version":[{"id":292,"href":"https:\/\/matsaluvv.ee\/en\/wp-json\/wp\/v2\/pages\/281\/revisions\/292"}],"wp:attachment":[{"href":"https:\/\/matsaluvv.ee\/en\/wp-json\/wp\/v2\/media?parent=281"}],"curies":[{"name":"wp","href":"https:\/\/api.w.org\/{rel}","templated":true}]}}