{"id":277,"date":"2020-01-14T13:10:58","date_gmt":"2020-01-14T11:10:58","guid":{"rendered":"https:\/\/matsaluvv.ee\/company\/aktsionarid\/"},"modified":"2020-01-21T14:13:04","modified_gmt":"2020-01-21T12:13:04","slug":"shareholders","status":"publish","type":"page","link":"https:\/\/matsaluvv.ee\/en\/company\/shareholders\/","title":{"rendered":"Shareholders"},"content":{"rendered":"\n<h3 class=\"wp-block-heading\">AS Matsalu Veev\u00e4rk shareholders<\/h3>\n\n\n\n<figure class=\"wp-block-table\"><table class=\"\"><tbody><tr><td><strong>SHAREHOLDER<\/strong><\/td><td><strong>SHARES<\/strong><\/td><td><strong>PERCENTAGE<\/strong><\/td><\/tr><tr><td>L\u00c4\u00c4NERANNA VALD<\/td><td>700<\/td><td>39.24%<\/td><\/tr><tr><td>L\u00c4\u00c4NE-NIGULA VALD<\/td><td>86<\/td><td>4.86%<\/td><\/tr><tr><td>RAPLA VALD<\/td><td>300<\/td><td>16.90%<\/td><\/tr><tr><td>M\u00c4RJAMAA VALD<\/td><td>618<\/td><td>34.74%<\/td><\/tr><tr><td>KEHTNA VALD<\/td><td>76<\/td><td>4.27%<\/td><\/tr><tr><td><strong>TOTAL<\/strong><\/td><td><strong>1780<\/strong><\/td><td><strong>100.00<\/strong>%<\/td><\/tr><\/tbody><\/table><\/figure>\n","protected":false},"excerpt":{"rendered":"<p>AS Matsalu Veev\u00e4rk shareholders SHAREHOLDER SHARES PERCENTAGE L\u00c4\u00c4NERANNA VALD 700 39.24% L\u00c4\u00c4NE-NIGULA VALD 86 4.86% RAPLA VALD 300 16.90% M\u00c4RJAMAA&#8230;<\/p>\n","protected":false},"author":1,"featured_media":0,"parent":275,"menu_order":10,"comment_status":"closed","ping_status":"closed","template":"","meta":{"_acf_changed":false,"advgb_blocks_editor_width":"","advgb_blocks_columns_visual_guide":"","footnotes":""},"class_list":["post-277","page","type-page","status-publish","hentry"],"acf":[],"yoast_head":"<!-- This site is optimized with the Yoast SEO plugin v26.9 - https:\/\/yoast.com\/product\/yoast-seo-wordpress\/ -->\n<title>Shareholders - Matsalu Veev\u00e4rk<\/title>\n<meta name=\"robots\" content=\"index, follow, max-snippet:-1, max-image-preview:large, max-video-preview:-1\" \/>\n<link rel=\"canonical\" href=\"https:\/\/matsaluvv.ee\/en\/company\/shareholders\/\" \/>\n<meta property=\"og:locale\" content=\"en_US\" \/>\n<meta property=\"og:type\" content=\"article\" \/>\n<meta property=\"og:title\" content=\"Shareholders - Matsalu Veev\u00e4rk\" \/>\n<meta property=\"og:description\" content=\"AS Matsalu Veev\u00e4rk shareholders SHAREHOLDER SHARES PERCENTAGE L\u00c4\u00c4NERANNA VALD 700 39.24% L\u00c4\u00c4NE-NIGULA VALD 86 4.86% RAPLA VALD 300 16.90% M\u00c4RJAMAA...\" \/>\n<meta property=\"og:url\" content=\"https:\/\/matsaluvv.ee\/en\/company\/shareholders\/\" \/>\n<meta property=\"og:site_name\" content=\"Matsalu Veev\u00e4rk\" \/>\n<meta property=\"article:modified_time\" content=\"2020-01-21T12:13:04+00:00\" \/>\n<meta name=\"twitter:card\" content=\"summary_large_image\" \/>\n<script type=\"application\/ld+json\" class=\"yoast-schema-graph\">{\"@context\":\"https:\/\/schema.org\",\"@graph\":[{\"@type\":\"WebPage\",\"@id\":\"https:\/\/matsaluvv.ee\/en\/company\/shareholders\/\",\"url\":\"https:\/\/matsaluvv.ee\/en\/company\/shareholders\/\",\"name\":\"Shareholders - Matsalu Veev\u00e4rk\",\"isPartOf\":{\"@id\":\"https:\/\/matsaluvv.ee\/#website\"},\"datePublished\":\"2020-01-14T11:10:58+00:00\",\"dateModified\":\"2020-01-21T12:13:04+00:00\",\"breadcrumb\":{\"@id\":\"https:\/\/matsaluvv.ee\/en\/company\/shareholders\/#breadcrumb\"},\"inLanguage\":\"en-US\",\"potentialAction\":[{\"@type\":\"ReadAction\",\"target\":[\"https:\/\/matsaluvv.ee\/en\/company\/shareholders\/\"]}]},{\"@type\":\"BreadcrumbList\",\"@id\":\"https:\/\/matsaluvv.ee\/en\/company\/shareholders\/#breadcrumb\",\"itemListElement\":[{\"@type\":\"ListItem\",\"position\":1,\"name\":\"Company\",\"item\":\"https:\/\/matsaluvv.ee\/en\/company\/\"},{\"@type\":\"ListItem\",\"position\":2,\"name\":\"Shareholders\"}]},{\"@type\":\"WebSite\",\"@id\":\"https:\/\/matsaluvv.ee\/#website\",\"url\":\"https:\/\/matsaluvv.ee\/\",\"name\":\"Matsalu Veev\u00e4rk\",\"description\":\"Vee-ettev\u00f5te Eestis\",\"potentialAction\":[{\"@type\":\"SearchAction\",\"target\":{\"@type\":\"EntryPoint\",\"urlTemplate\":\"https:\/\/matsaluvv.ee\/?s={search_term_string}\"},\"query-input\":{\"@type\":\"PropertyValueSpecification\",\"valueRequired\":true,\"valueName\":\"search_term_string\"}}],\"inLanguage\":\"en-US\"}]}<\/script>\n<!-- \/ Yoast SEO plugin. -->","yoast_head_json":{"title":"Shareholders - Matsalu Veev\u00e4rk","robots":{"index":"index","follow":"follow","max-snippet":"max-snippet:-1","max-image-preview":"max-image-preview:large","max-video-preview":"max-video-preview:-1"},"canonical":"https:\/\/matsaluvv.ee\/en\/company\/shareholders\/","og_locale":"en_US","og_type":"article","og_title":"Shareholders - Matsalu Veev\u00e4rk","og_description":"AS Matsalu Veev\u00e4rk shareholders SHAREHOLDER SHARES PERCENTAGE L\u00c4\u00c4NERANNA VALD 700 39.24% L\u00c4\u00c4NE-NIGULA VALD 86 4.86% RAPLA VALD 300 16.90% M\u00c4RJAMAA...","og_url":"https:\/\/matsaluvv.ee\/en\/company\/shareholders\/","og_site_name":"Matsalu Veev\u00e4rk","article_modified_time":"2020-01-21T12:13:04+00:00","twitter_card":"summary_large_image","schema":{"@context":"https:\/\/schema.org","@graph":[{"@type":"WebPage","@id":"https:\/\/matsaluvv.ee\/en\/company\/shareholders\/","url":"https:\/\/matsaluvv.ee\/en\/company\/shareholders\/","name":"Shareholders - Matsalu Veev\u00e4rk","isPartOf":{"@id":"https:\/\/matsaluvv.ee\/#website"},"datePublished":"2020-01-14T11:10:58+00:00","dateModified":"2020-01-21T12:13:04+00:00","breadcrumb":{"@id":"https:\/\/matsaluvv.ee\/en\/company\/shareholders\/#breadcrumb"},"inLanguage":"en-US","potentialAction":[{"@type":"ReadAction","target":["https:\/\/matsaluvv.ee\/en\/company\/shareholders\/"]}]},{"@type":"BreadcrumbList","@id":"https:\/\/matsaluvv.ee\/en\/company\/shareholders\/#breadcrumb","itemListElement":[{"@type":"ListItem","position":1,"name":"Company","item":"https:\/\/matsaluvv.ee\/en\/company\/"},{"@type":"ListItem","position":2,"name":"Shareholders"}]},{"@type":"WebSite","@id":"https:\/\/matsaluvv.ee\/#website","url":"https:\/\/matsaluvv.ee\/","name":"Matsalu Veev\u00e4rk","description":"Vee-ettev\u00f5te Eestis","potentialAction":[{"@type":"SearchAction","target":{"@type":"EntryPoint","urlTemplate":"https:\/\/matsaluvv.ee\/?s={search_term_string}"},"query-input":{"@type":"PropertyValueSpecification","valueRequired":true,"valueName":"search_term_string"}}],"inLanguage":"en-US"}]}},"coauthors":[],"author_meta":{"author_link":"https:\/\/matsaluvv.ee\/en\/author\/admin\/","display_name":"admin"},"relative_dates":{"created":"Posted 6 years ago","modified":"Updated 6 years ago"},"absolute_dates":{"created":"Posted on 14. Jan 2020","modified":"Updated on 21. Jan 2020"},"absolute_dates_time":{"created":"Posted on 14. Jan 2020 01:10","modified":"Updated on 21. Jan 2020 02:13"},"featured_img_caption":"","featured_img":false,"series_order":"","_links":{"self":[{"href":"https:\/\/matsaluvv.ee\/en\/wp-json\/wp\/v2\/pages\/277","targetHints":{"allow":["GET"]}}],"collection":[{"href":"https:\/\/matsaluvv.ee\/en\/wp-json\/wp\/v2\/pages"}],"about":[{"href":"https:\/\/matsaluvv.ee\/en\/wp-json\/wp\/v2\/types\/page"}],"author":[{"embeddable":true,"href":"https:\/\/matsaluvv.ee\/en\/wp-json\/wp\/v2\/users\/1"}],"replies":[{"embeddable":true,"href":"https:\/\/matsaluvv.ee\/en\/wp-json\/wp\/v2\/comments?post=277"}],"version-history":[{"count":1,"href":"https:\/\/matsaluvv.ee\/en\/wp-json\/wp\/v2\/pages\/277\/revisions"}],"predecessor-version":[{"id":278,"href":"https:\/\/matsaluvv.ee\/en\/wp-json\/wp\/v2\/pages\/277\/revisions\/278"}],"up":[{"embeddable":true,"href":"https:\/\/matsaluvv.ee\/en\/wp-json\/wp\/v2\/pages\/275"}],"wp:attachment":[{"href":"https:\/\/matsaluvv.ee\/en\/wp-json\/wp\/v2\/media?parent=277"}],"curies":[{"name":"wp","href":"https:\/\/api.w.org\/{rel}","templated":true}]}}