{"id":275,"date":"2020-01-14T12:04:24","date_gmt":"2020-01-14T10:04:24","guid":{"rendered":"https:\/\/matsaluvv.ee\/ettevottest\/"},"modified":"2020-01-21T14:11:02","modified_gmt":"2020-01-21T12:11:02","slug":"company","status":"publish","type":"page","link":"https:\/\/matsaluvv.ee\/en\/company\/","title":{"rendered":"Company"},"content":{"rendered":"\n<p><strong>AS Matsalu Veev\u00e4rk<\/strong> is a central water and wastewater utility that was established in July 2004. Enterprise covers 5 rural municipalities in Rapla, L\u00e4\u00e4ne and P\u00e4rnu Counties. The municipalities are the owners of the water and waste water facilities which are to be rehabilitated under EU Project. Water company belongs 100% to the local municipalities.<\/p>\n","protected":false},"excerpt":{"rendered":"<p>AS Matsalu Veev\u00e4rk is a central water and wastewater utility that was established in July 2004. Enterprise covers 5 rural&#8230;<\/p>\n","protected":false},"author":1,"featured_media":0,"parent":0,"menu_order":10,"comment_status":"closed","ping_status":"closed","template":"","meta":{"_acf_changed":false,"advgb_blocks_editor_width":"","advgb_blocks_columns_visual_guide":"","footnotes":""},"class_list":["post-275","page","type-page","status-publish","hentry"],"acf":[],"yoast_head":"<!-- This site is optimized with the Yoast SEO plugin v26.9 - https:\/\/yoast.com\/product\/yoast-seo-wordpress\/ -->\n<title>Company - Matsalu Veev\u00e4rk<\/title>\n<meta name=\"robots\" content=\"index, follow, max-snippet:-1, max-image-preview:large, max-video-preview:-1\" \/>\n<link rel=\"canonical\" href=\"https:\/\/matsaluvv.ee\/en\/company\/\" \/>\n<meta property=\"og:locale\" content=\"en_US\" \/>\n<meta property=\"og:type\" content=\"article\" \/>\n<meta property=\"og:title\" content=\"Company - Matsalu Veev\u00e4rk\" \/>\n<meta property=\"og:description\" content=\"AS Matsalu Veev\u00e4rk is a central water and wastewater utility that was established in July 2004. Enterprise covers 5 rural...\" \/>\n<meta property=\"og:url\" content=\"https:\/\/matsaluvv.ee\/en\/company\/\" \/>\n<meta property=\"og:site_name\" content=\"Matsalu Veev\u00e4rk\" \/>\n<meta property=\"article:modified_time\" content=\"2020-01-21T12:11:02+00:00\" \/>\n<meta name=\"twitter:card\" content=\"summary_large_image\" \/>\n<script type=\"application\/ld+json\" class=\"yoast-schema-graph\">{\"@context\":\"https:\/\/schema.org\",\"@graph\":[{\"@type\":\"WebPage\",\"@id\":\"https:\/\/matsaluvv.ee\/en\/company\/\",\"url\":\"https:\/\/matsaluvv.ee\/en\/company\/\",\"name\":\"Company - Matsalu Veev\u00e4rk\",\"isPartOf\":{\"@id\":\"https:\/\/matsaluvv.ee\/#website\"},\"datePublished\":\"2020-01-14T10:04:24+00:00\",\"dateModified\":\"2020-01-21T12:11:02+00:00\",\"inLanguage\":\"en-US\",\"potentialAction\":[{\"@type\":\"ReadAction\",\"target\":[\"https:\/\/matsaluvv.ee\/en\/company\/\"]}]},{\"@type\":\"WebSite\",\"@id\":\"https:\/\/matsaluvv.ee\/#website\",\"url\":\"https:\/\/matsaluvv.ee\/\",\"name\":\"Matsalu Veev\u00e4rk\",\"description\":\"Vee-ettev\u00f5te Eestis\",\"potentialAction\":[{\"@type\":\"SearchAction\",\"target\":{\"@type\":\"EntryPoint\",\"urlTemplate\":\"https:\/\/matsaluvv.ee\/?s={search_term_string}\"},\"query-input\":{\"@type\":\"PropertyValueSpecification\",\"valueRequired\":true,\"valueName\":\"search_term_string\"}}],\"inLanguage\":\"en-US\"}]}<\/script>\n<!-- \/ Yoast SEO plugin. -->","yoast_head_json":{"title":"Company - Matsalu Veev\u00e4rk","robots":{"index":"index","follow":"follow","max-snippet":"max-snippet:-1","max-image-preview":"max-image-preview:large","max-video-preview":"max-video-preview:-1"},"canonical":"https:\/\/matsaluvv.ee\/en\/company\/","og_locale":"en_US","og_type":"article","og_title":"Company - Matsalu Veev\u00e4rk","og_description":"AS Matsalu Veev\u00e4rk is a central water and wastewater utility that was established in July 2004. Enterprise covers 5 rural...","og_url":"https:\/\/matsaluvv.ee\/en\/company\/","og_site_name":"Matsalu Veev\u00e4rk","article_modified_time":"2020-01-21T12:11:02+00:00","twitter_card":"summary_large_image","schema":{"@context":"https:\/\/schema.org","@graph":[{"@type":"WebPage","@id":"https:\/\/matsaluvv.ee\/en\/company\/","url":"https:\/\/matsaluvv.ee\/en\/company\/","name":"Company - Matsalu Veev\u00e4rk","isPartOf":{"@id":"https:\/\/matsaluvv.ee\/#website"},"datePublished":"2020-01-14T10:04:24+00:00","dateModified":"2020-01-21T12:11:02+00:00","inLanguage":"en-US","potentialAction":[{"@type":"ReadAction","target":["https:\/\/matsaluvv.ee\/en\/company\/"]}]},{"@type":"WebSite","@id":"https:\/\/matsaluvv.ee\/#website","url":"https:\/\/matsaluvv.ee\/","name":"Matsalu Veev\u00e4rk","description":"Vee-ettev\u00f5te Eestis","potentialAction":[{"@type":"SearchAction","target":{"@type":"EntryPoint","urlTemplate":"https:\/\/matsaluvv.ee\/?s={search_term_string}"},"query-input":{"@type":"PropertyValueSpecification","valueRequired":true,"valueName":"search_term_string"}}],"inLanguage":"en-US"}]}},"coauthors":[],"author_meta":{"author_link":"https:\/\/matsaluvv.ee\/en\/author\/admin\/","display_name":"admin"},"relative_dates":{"created":"Posted 6 years ago","modified":"Updated 6 years ago"},"absolute_dates":{"created":"Posted on 14. Jan 2020","modified":"Updated on 21. Jan 2020"},"absolute_dates_time":{"created":"Posted on 14. Jan 2020 12:04","modified":"Updated on 21. Jan 2020 02:11"},"featured_img_caption":"","featured_img":false,"series_order":"","_links":{"self":[{"href":"https:\/\/matsaluvv.ee\/en\/wp-json\/wp\/v2\/pages\/275","targetHints":{"allow":["GET"]}}],"collection":[{"href":"https:\/\/matsaluvv.ee\/en\/wp-json\/wp\/v2\/pages"}],"about":[{"href":"https:\/\/matsaluvv.ee\/en\/wp-json\/wp\/v2\/types\/page"}],"author":[{"embeddable":true,"href":"https:\/\/matsaluvv.ee\/en\/wp-json\/wp\/v2\/users\/1"}],"replies":[{"embeddable":true,"href":"https:\/\/matsaluvv.ee\/en\/wp-json\/wp\/v2\/comments?post=275"}],"version-history":[{"count":1,"href":"https:\/\/matsaluvv.ee\/en\/wp-json\/wp\/v2\/pages\/275\/revisions"}],"predecessor-version":[{"id":276,"href":"https:\/\/matsaluvv.ee\/en\/wp-json\/wp\/v2\/pages\/275\/revisions\/276"}],"wp:attachment":[{"href":"https:\/\/matsaluvv.ee\/en\/wp-json\/wp\/v2\/media?parent=275"}],"curies":[{"name":"wp","href":"https:\/\/api.w.org\/{rel}","templated":true}]}}